{"id":984,"date":"2013-11-25T15:54:50","date_gmt":"2013-11-25T20:54:50","guid":{"rendered":"http:\/\/www.schmidtswelt.net\/?page_id=984"},"modified":"2016-04-04T00:53:39","modified_gmt":"2016-04-04T05:53:39","slug":"finanzen","status":"publish","type":"page","link":"http:\/\/www.schmidtswelt.net\/?page_id=984","title":{"rendered":"Finanzen"},"content":{"rendered":"<p><strong>Erg\u00e4nzung zum Rundmail vom 4.04.2016:<\/strong><\/p>\n<p>Durch den R\u00fcckflug nach Deutschland ist unser Missionskonto ins Minus gekommen (ca. 3000 Euro). Wer da mithelfen will darf gerne auf das Spendenkonto bei der Neukirchener Mission f\u00fcr &#8222;Schmidt &#8211; 5003&#8220; spenden.<\/p>\n<p>Wir senden auch einige Kisten mit unserem pers\u00f6nlichen Hab und Gut per Schiff nach Deutschland. Das kostet uns gut 750 Euro. Wer da mithelfen will, darf gern auf unser privates Konto etwas \u00fcberweisen (Heike Schmidt; IBAN: DE 64 5139 0000 00784 11104, BIC: VBMHDE5F)<\/p>\n<p>Herzlichen Dank f\u00fcr alles Mittragen durch Eure gro\u00dfz\u00fcgigen Opfer. Vergelt&#8217;s Gott!<\/p>\n<p>&nbsp;<\/p>\n<p><strong>Hier ganz allgemein die Erkl\u00e4rung wie unsere Finanzierung funktioniert:<\/strong><\/p>\n<p>Ein immer wieder heikles Thema f\u00fcr Missionare ist das Thema der Finanzierung.<\/p>\n<p>Wir wissen, dass Gott uns in den Dienst nach Peru gerufen hat und darum vertrauen wir ihm auch, dass er f\u00fcr alles sorgen wird, was wir brauchen.<\/p>\n<p>Und diese Seite und der Text sollen nicht missverstanden werden als Bettelaufruf. Wenn Du es so empfindest, dann l\u00e4chle und schlie\u00dfe die Seite. Diese Infos haben nicht den Zweck Dir Geld aus der Tasche zu ziehen. Und es ist mir lieber wir bleiben in Freundschaft und in Jesus verbunden, als dass Du uns und unseren Dienst in Peru in einem komischen Licht siehst.<\/p>\n<p>Allerdings gibt es immer wieder Menschen, die von unserer Arbeit h\u00f6ren und uns gern unterst\u00fctzen wollen. Nicht nur in Gebet, sondern auch mit Gaben. Darum wollen wir auf dieser Seite zumindest dar\u00fcber informieren, was der Stand der Dinge ist und wie man das machen kann. Jede Gabe ist freiwillig und wir sind dankbar daf\u00fcr.<\/p>\n<h3><strong>1. Wir und die Neukirchener Mission werden ausschlie\u00dflich durch SPENDEN finanziert.<\/strong><\/h3>\n<p>Es gibt keine staatlichen oder kirchlichen Stellen, die uns einfach so Geld zukommen lassen. Wir k\u00f6nnen unsere Arbeit tun, weil es Menschen gibt, die unsere Arbeit und unsere Ziele gut und richtig und notwendig finden und damit ein pers\u00f6nliches Opfer bringen und etwas von ihrem eigenen Gehalt an uns oder die Mission spenden. Ohne das w\u00e4ren wir nicht hier.<\/p>\n<h3><strong>2. Monatlicher Bedarf<\/strong><\/h3>\n<p>Wir bekommen monatlich ein auf Peru angepasstes Gehalt. Um allerdings den gesetzlichen deutschen Anforderungen zu gen\u00fcgen kommen noch Versicherungen und Abgaben dazu (also der Arbeitgeber-Teil), <strong>die auch vom Spendeneingang<\/strong> gedeckt werden m\u00fcssen. Dazu kommt eine zus\u00e4tzliche Rentenversicherung des Arbeitgebers, damit es uns sp\u00e4ter m\u00f6glich ist auch wirklich von der Rente zu leben. Und nicht zuletzt gehen 10% der Spenden an die Mission (5% f\u00fcr Verwaltungsarbeit, 5% f\u00fcr einen allgemeinen Topf, der Missionaren in Unterdeckung hilft). So brauchen wir nat\u00fcrlich wesentlich mehr Spenden, als tats\u00e4chlich als Gehalt bei uns ankommt. Was bei uns ankommt (also das <strong>Nettogehalt<\/strong>) entspricht etwa 42% dessen, was monatlich gebraucht wird, um den deutschen Gesetzen eines Anstellungsverh\u00e4ltnisses gerecht zu werden.<\/p>\n<p>Von dem monatlich ben\u00f6tigten Betrag sind pro Monat etwa 82<strong>%<\/strong> gedeckt. (<strong>Stand September 2015<\/strong>)<\/p>\n<p>Wer gerne konkrete Zahlen wissen will, darf gern direkt Kontakt aufnehmen: <span style=\"color: #0000ff;\"><strong>wollo (@) freespeed.de <\/strong><\/span><\/p>\n<p>Wir wollen Gott vertrauen, dass er f\u00fcr alles sorgt. Danke wenn Ihr mitbetet, dass Gott weitere Herzen zum Geben bewegt. Und ein gro\u00dfes Danke wenn Du schon f\u00fcr uns und unsere Arbeit spendest oder dar\u00fcber nachdenkst.<\/p>\n<h3><strong>3. Projekte<\/strong><\/h3>\n<p>Hier bei uns in Peru gibt es verschiedene Projekte, die bei der Mission unter verschiedenen Projektnummern gef\u00fchrt werden. Wenn Du also direkt ein Projekt unterst\u00fctzen willst, dann findest Du hier die Beschreibung dazu:<\/p>\n<p><strong>5001<\/strong> &#8211; Peru allgemein<\/p>\n<p>Hier geht es ganz allgemein um die Arbeit hier in Peru. Das kann vieles sein: B\u00fcromaterialien, Reisekosten, Anschaffungen, Buchhaltungskosten, etc.\u00a0 Wer ganz allgemein die Arbeit in Peru unterst\u00fctzen m\u00f6chte ist mit dieser Projektnummer gut beraten.<\/p>\n<p><strong>5003<\/strong> &#8211; Schmidt<\/p>\n<p>Diese Projektnummer ist f\u00fcr das oben erw\u00e4hnte Unterhaltskonto. Dadurch wird unser Gehalt finanziert, Versicherungen, und auch der Flug nach und von Deutschland, wenn wir in den Heimatdienst kommen. Wer direkt uns als Missionarsfamilie unterst\u00fctzen m\u00f6chte nimmt diese Projektnummer.<\/p>\n<p><strong>5025<\/strong> &#8211; Fahrzeuge<\/p>\n<p>Hier geht es um die Kosten, die es zu bew\u00e4ltigen gibt, wenn man ein Auto hat. Sowohl unsere Kollegen Jerosch als auch wir (seit Juni 2013) haben ein Auto, um Dienste in entfernten D\u00f6rfern wahrnehmen zu k\u00f6nnen. F\u00fcr Versicherung, Steuern, Wartung und Benzin werden diese Spenden gebraucht.<\/p>\n<p><strong>5050<\/strong> &#8211; Kinderarbeit \/ Freizeitarbeit \/Speise<\/p>\n<p>Unter dieser Projektnummer verbirgt sich einerseits das Kinderspeisungsprogramm in San Martin de Pangoa, aber auch alles was mit Kinder- und Freizeitarbeit zu tun hat. Wem also hungrige Kinderm\u00fcnder oder hungrige Kinderherzen wichtig sind, kann auf diese Nummer spenden.<\/p>\n<p><strong>5070<\/strong> &#8211; Mitarbeiter<\/p>\n<p>Spenden an diese Nummer werden genutzt um die Geh\u00e4lter der einheimischen Mitarbeiter zu bezahlen. Das sind momentan Gerardo Pecho und Antonio Canchari. <strong>Gerardo<\/strong> arbeitet schon seit vielen Jahren treu in unserer Mission und besucht mit gro\u00dfer Motivation weit entfernte Dorf-Gemeinden, die teilweise nur zu Fu\u00df zu erreichen sind. Zur Information: Gerardo ist \u00fcber 60 Jahre alt. <strong>Antonio<\/strong> leitet die Korrespondenz-Bibelkurse und hatte \u00fcber die Jahre tausende Sch\u00fcler. Auch er besucht oft Gemeinden und hat die Gabe der Lehre. Man h\u00f6rt ihm einfach gern und auch ohne Probleme lang zu.<\/p>\n<p><strong>5075<\/strong> &#8211; Esperanza<\/p>\n<p>Unser Schulprojekt &#8222;Nueva Esperanza&#8220; (Neue Hoffnung) ist weiter am wachsen. Dieses Jahr (2013) beenden die ersten Sch\u00fcler die Grundschule. N\u00e4chstes Jahr (2014) geht es los mit Oberstufe. Eine weitere gro\u00dfe Herausforderung. Da gibt es auch immer wieder Kosten, die mit den monatlichen Schulgeb\u00fchren nicht bew\u00e4ltigt werden k\u00f6nnen. Durch Spenden aus Deutschland k\u00f6nnen wir sicherstellen, dass die Schule weiter w\u00e4chst und weiterhin ein positives Zeugnis Jesu in San Ramon hinterl\u00e4sst.<\/p>\n<h3><strong>4. Spendenkonto<\/strong><\/h3>\n<p>Alle Spenden gehen auf folgendes Konto:<\/p>\n<p><strong>Neukirchener Mission<\/strong><\/p>\n<p><strong>KD Bank &#8211; BLZ 350 601 90<\/strong><\/p>\n<p><strong>Konto-Nr.: 2 119 641 015<\/strong><\/p>\n<p><strong>IBAN: DE26 3506 0190 2119 6410 15<\/strong><\/p>\n<p><strong>BIC: GENODED1DKD<\/strong><\/p>\n<p>Als <strong>Verwendungszweck<\/strong> dann bitte immer das Schlagwort des Projekts angeben. Zum Beispiel wer uns mit unserem Lebensunterhalt helfen m\u00f6chte gibt an als Verwendungszweck: &#8222;5003-Schmidt&#8220;. Wer direkt f\u00fcr die Schule spenden m\u00f6chte gibt an &#8222;5075-Esperanza&#8220;. Wer f\u00fcr die Freizeitarbeit spenden m\u00f6chte gibt an &#8222;5050-Freizeitarbeit&#8220;, usw.<\/p>\n<h3><strong>5. Spendenh\u00f6he<\/strong><\/h3>\n<p>Wir sind dankbar \u00fcber jeden Betrag. Ob es 5 Euro sind oder 500 &#8211; wichtig ist, dass Du es gern gibst und f\u00fcr Jesus. Wir teilen nicht die Lehre mancher Gemeinden, dass man nur geben muss, dann wird es dir Gott 100fach zur\u00fcckgeben. Also du gibst 50 Euro f\u00fcr Gott und Gott wird Dir 5000 zur\u00fcckgeben. Das ist Unsinn und die falsche Motivation. Aber ich glaube, dass Gott uns segnet, wenn wir Gott etwas geben. Wir k\u00f6nnen Gott Geld geben, aber auch Zeit, Arbeit, Schwei\u00df. Und sein Segen kann sein: Friede, Freiheit, neue Freundschaften, etc. Gott kennt seine Kinder und gibt ihnen, was sie brauchen.<\/p>\n<p>Ein Beispiel, das ich gern verwende ist, dass Du Dir doch \u00fcberlegen kannst, Du w\u00fcrdest uns als Missionarsfamilie oder einige Kinder der Kinderspeisung oder einige Lehrer der Schule zum Essen zu Dir nach Hause einladen. Wieviel w\u00fcrde Dich das kosten? Genau den Betrag k\u00f6nntest Du monatlich spenden. Nur eine Idee. Du entscheidest wieviel Du gibst. Du nur wei\u00dft, was Gott Dir aufs Herz legt.<\/p>\n<p>Aber egal, ob Du f\u00fcr uns spendest oder f\u00fcr uns betest:<\/p>\n<p>Daf\u00fcr ein ganz herzliches &#8222;Vergelt&#8217;s Gott!&#8220;<\/p>\n<p><em>Eure Schmidts aus Peru<\/em><\/p>\n<p>&nbsp;<\/p>\n<p>&nbsp;<\/p>\n<p>&nbsp;<\/p>\n<p>&nbsp;<\/p>\n<p>&nbsp;<\/p>\n<p>&nbsp;<\/p>\n<p>&nbsp;<\/p>\n<p>&nbsp;<\/p>\n<p>&nbsp;<\/p>\n","protected":false},"excerpt":{"rendered":"<p>Erg\u00e4nzung zum Rundmail vom 4.04.2016: Durch den R\u00fcckflug nach Deutschland ist unser Missionskonto ins Minus gekommen (ca. 3000 Euro). Wer da mithelfen will darf gerne auf das Spendenkonto bei der Neukirchener Mission f\u00fcr &#8222;Schmidt &#8211; 5003&#8220; spenden. Wir senden auch einige Kisten mit unserem pers\u00f6nlichen Hab und Gut per Schiff<\/p>\n","protected":false},"author":1,"featured_media":0,"parent":2,"menu_order":4,"comment_status":"closed","ping_status":"closed","template":"","meta":[],"_links":{"self":[{"href":"http:\/\/www.schmidtswelt.net\/index.php?rest_route=\/wp\/v2\/pages\/984"}],"collection":[{"href":"http:\/\/www.schmidtswelt.net\/index.php?rest_route=\/wp\/v2\/pages"}],"about":[{"href":"http:\/\/www.schmidtswelt.net\/index.php?rest_route=\/wp\/v2\/types\/page"}],"author":[{"embeddable":true,"href":"http:\/\/www.schmidtswelt.net\/index.php?rest_route=\/wp\/v2\/users\/1"}],"replies":[{"embeddable":true,"href":"http:\/\/www.schmidtswelt.net\/index.php?rest_route=%2Fwp%2Fv2%2Fcomments&post=984"}],"version-history":[{"count":34,"href":"http:\/\/www.schmidtswelt.net\/index.php?rest_route=\/wp\/v2\/pages\/984\/revisions"}],"predecessor-version":[{"id":1205,"href":"http:\/\/www.schmidtswelt.net\/index.php?rest_route=\/wp\/v2\/pages\/984\/revisions\/1205"}],"up":[{"embeddable":true,"href":"http:\/\/www.schmidtswelt.net\/index.php?rest_route=\/wp\/v2\/pages\/2"}],"wp:attachment":[{"href":"http:\/\/www.schmidtswelt.net\/index.php?rest_route=%2Fwp%2Fv2%2Fmedia&parent=984"}],"curies":[{"name":"wp","href":"https:\/\/api.w.org\/{rel}","templated":true}]}}