{"id":469,"date":"2009-07-17T04:12:09","date_gmt":"2009-07-17T02:12:09","guid":{"rendered":"http:\/\/www.schmidtswelt.net\/wollopress\/?page_id=469"},"modified":"2009-08-18T04:45:07","modified_gmt":"2009-08-18T02:45:07","slug":"16-03-2007-schlaganfall","status":"publish","type":"page","link":"http:\/\/www.schmidtswelt.net\/?page_id=469","title":{"rendered":"16.03.2007 &#8211; Schlaganfall"},"content":{"rendered":"<p>Hallo liebe Freunde!<br \/>\nDie Mail heute zu schreiben f\u00e4llt mir nicht so leicht, weil ich selber noch nicht ganz glauben kann, dass mir das passiert ist und es mir jetzt schon wieder ganz gut geht.<\/p>\n<p>Am Dienstag hab ich einen Schlaganfall erlitten. Kein Witz, ist wirklich passiert!<br \/>\nIch bin ganz normal zur Sprachschule gegangen, der Unterricht hat angefangen und wir haben die erste \u00dcbung gemacht. Und ich merkte pl\u00f6tzlich dass ich mich ganz schwer konzentrieren konnte. V\u00f6llig ungewohnt. Als ich dann die \u00dcbung geschafft hatte ging ich kurz aufs Klo um zu versuchen meine Gedanken klar zu kriegen. Das hat nicht geklappt. Und so sagte ich der Lehrerin dass ich mal eben ne Pause machen muss. Sie dachte zuerst ich w\u00fcrde mal wieder einen Scherz machen &#8211; das kommt manchmal vor. Doch da ich ernst blieb hat sie&#8217;s mir geglaubt. Ich setzte mich dann in den Vorraum auf eine Bank und versuchte zu entspannen. Klappte nicht. Dann holte ich mir ein Glas Wasser aus dem Erdgeschoss und da hab ich schon gemerkt dass das Treppensteigen auch nicht mehr so einfach geht. Als ich dann ne Weile wieder oben sa\u00df kuckte meine Lehrerin Karen nach mir und merkte schon dass was nicht stimmt und holte noch zwei andere Lehrer, einer davon war Arzt. Dabei merkte ich dann dass mein Sichtfeld eingeschr\u00e4nkt war, da ich nicht merkte als auf der anderen Seite einer der drei wegging. Auch f\u00fchlte ich dass abwechselnd Teile meiner rechten K\u00f6rperseite einschliefen. Mal Bein, mal Arm, mal Gesicht.<br \/>\nZiemlich schnell haben sie entschieden mich ins Krankenhaus zu bringen. Fand ich da noch \u00fcbertrieben, denn ich dachte nicht dass es was schlimmes ist. Doch bei der ersten Untersuchung im Krankenhaus konnte ich auf Fragen nicht mehr antworten. Nicht, dass ich die Fragen nicht verstanden h\u00e4tte, ich konnte mich nur nicht gen\u00fcgend auf die Antwort konzentrieren. Das hat sich dann den ganzen Tag fortgesetzt. Konnte nicht richtig antworten, obwohl ich &#8211; glaub ich &#8211; alles verstanden hab. Dann wurde ich nochmal in ein anderes Krankenhaus gebracht, wo mein Hirn gescannt wurde. Dann gings wieder in das erste Krankenhaus wo ich dann in ein Zimmer einquartiert wurde. Mit Infusion und Sauerstoff-Zufuhr. Ich erinnere mich noch an viele Besuche von vielen Freunden hier, aber auch daran dass ich unendlich m\u00fcde war, starke Kopfschmerzen hatte und mich kaum unterhalten konnte. Man hat mir auch gesagt, ich h\u00e4tte Unsinn erz\u00e4hlt&#8230;<br \/>\nIn der Nacht konnte ich dann aber echt gut schlafen und am n\u00e4chsten Tag ging&#8217;s mir wirklich wieder gut. Ich hab mich wirklich gut gef\u00fchlt. Nur etwas seltsames war noch: Ich konnte Spanisch und Englisch ganz normal verstehen wie immer (also so gut ichs halt kann). Nur Deutsch konnte ich nicht richtig verstehen. Es hat sich angeh\u00f6rt wie holl\u00e4ndisch. Mittwoch morgen war&#8217;s total schwierig zu verstehen. Mittwoch-Nachmittag war&#8217;s ok, aber mit deutlichen holl\u00e4ndischen Dialekt und Mittwoch-Abend war&#8217;s nur noch ein bisschen Dialekt. \ud83d\ude42 War echt seltsam. Aber auch deutsch lesen war schwer. Mir kamen die S\u00e4tze manchmal vor wie verstellt oder nicht richtig sortiert. Wenn ich dann aber dr\u00fcber nachgedacht hatte, stimmte es doch.<br \/>\nNaja, wie auch immer. Jetzt geht&#8217;s mir wieder gut, bin putzmunter und das ganze kommt mir wie ein b\u00f6ser Traum vor. Wenn ich dann aber meine Tabletten nehmen muss oder den Di\u00e4tplan seh, merk ich dass es wohl doch passiert ist&#8230;<\/p>\n<p>Ok, wie geht&#8217;s jetzt weiter?<br \/>\nEtwa ne Woche werd ich noch hier bleiben zur Erholung. Dann flieg ich zur\u00fcck nach Deutschland, um mich dort nochmal gr\u00fcndlich durchchecken zu lassen.<br \/>\nDazu hab ich zwei Gebetsanliegen:<br \/>\nIch w\u00fcnsche mir nat\u00fcrlich dass nichts gravierendes festgestellt wird, was evtl. meine R\u00fcckkehr nach Peru verhindert. Bitte betet da mit.<br \/>\nUnd ich w\u00fcnsche mir, dass ich mein Sprachstudium bald wieder aufnehmen kann. Wenn es l\u00e4nger als einen Monat geht w\u00fcrde mich das schon bedr\u00fccken.<br \/>\nAlso danke f\u00fcr Euere Gebete.<br \/>\nBesonders auch schon Danke an alle, die von dem Schlaganfall schon am Dienstag oder Mittwoch wussten und f\u00fcr mich gebetet haben. Ich bin \u00fcberzeugt, dass ich nur darum schon wieder so fit bin.<br \/>\nDanke an Euch und Danke an Gott!<br \/>\nWenn Ihr noch Fragen habt, schreibt bitte.<\/p>\n<p>Von Herzen mit Euch verbunden!<br \/>\nEuer Wollo<\/p>\n","protected":false},"excerpt":{"rendered":"<p>Hallo liebe Freunde! Die Mail heute zu schreiben f\u00e4llt mir nicht so leicht, weil ich selber noch nicht ganz glauben kann, dass mir das passiert ist und es mir jetzt schon wieder ganz gut geht. Am Dienstag hab ich einen Schlaganfall erlitten. Kein Witz, ist wirklich passiert! Ich bin ganz<\/p>\n","protected":false},"author":2,"featured_media":0,"parent":306,"menu_order":14,"comment_status":"closed","ping_status":"closed","template":"","meta":[],"_links":{"self":[{"href":"http:\/\/www.schmidtswelt.net\/index.php?rest_route=\/wp\/v2\/pages\/469"}],"collection":[{"href":"http:\/\/www.schmidtswelt.net\/index.php?rest_route=\/wp\/v2\/pages"}],"about":[{"href":"http:\/\/www.schmidtswelt.net\/index.php?rest_route=\/wp\/v2\/types\/page"}],"author":[{"embeddable":true,"href":"http:\/\/www.schmidtswelt.net\/index.php?rest_route=\/wp\/v2\/users\/2"}],"replies":[{"embeddable":true,"href":"http:\/\/www.schmidtswelt.net\/index.php?rest_route=%2Fwp%2Fv2%2Fcomments&post=469"}],"version-history":[{"count":4,"href":"http:\/\/www.schmidtswelt.net\/index.php?rest_route=\/wp\/v2\/pages\/469\/revisions"}],"predecessor-version":[{"id":606,"href":"http:\/\/www.schmidtswelt.net\/index.php?rest_route=\/wp\/v2\/pages\/469\/revisions\/606"}],"up":[{"embeddable":true,"href":"http:\/\/www.schmidtswelt.net\/index.php?rest_route=\/wp\/v2\/pages\/306"}],"wp:attachment":[{"href":"http:\/\/www.schmidtswelt.net\/index.php?rest_route=%2Fwp%2Fv2%2Fmedia&parent=469"}],"curies":[{"name":"wp","href":"https:\/\/api.w.org\/{rel}","templated":true}]}}