{"id":19,"date":"2009-07-07T16:24:32","date_gmt":"2009-07-07T21:24:32","guid":{"rendered":"http:\/\/www.schmidtswelt.net\/wollopress\/?page_id=19"},"modified":"2014-08-25T11:54:16","modified_gmt":"2014-08-25T16:54:16","slug":"arbeit-in-peru","status":"publish","type":"page","link":"http:\/\/www.schmidtswelt.net\/?page_id=19","title":{"rendered":"Arbeit in Peru"},"content":{"rendered":"<p><span style=\"font-size: medium;\"><strong>Vergangenheit:<\/strong><\/span><br \/>\n<span style=\"font-size: medium;\"><span style=\"font-size: small;\">Wolfgang war von 2007 bis 2008 zu seinem ersten Term in Peru.<\/span><\/span><br \/>\n<span style=\"font-size: medium;\"><span style=\"font-size: small;\">Er lernte die Sprache und Kultur Perus kennen und arbeitete mit in Kinder- und Jugendarbeit, Begleitung von Gemeinden im Bergurwald sowie Schulunterricht in der christlichen Schule in San Ramon, &#8222;Nueva Esperanza&#8220;. Von November 2008 bis Juni 2009 war er im Heimataufenthalt. Er heiratete am 10 Januar 2009 Heike Weigel.<\/span><\/span><\/p>\n<p><span style=\"font-size: medium;\"><span style=\"font-size: small;\">Von Februar bis Juni 2009 studierten wir an der Akademie f\u00fcr Weltmission (AWM). <\/span><\/span><span style=\"font-size: small;\">Wolfgang begann sein Aufbaustudium zum Master of Theology. Heike belegte einige grunds\u00e4tzlich<\/span><span style=\"font-size: small;\">e theologische Kurse. <\/span><\/p>\n<p><span style=\"font-size: small;\">Am 2. Juli 2009 reisten wir aus nach Peru.<\/span><\/p>\n<p><span style=\"font-size: small;\">3 Monate verbrachten wir <\/span><span style=\"font-size: small;\">in Arequipa zur Sprachschule. Heike lernte Spanisch von Grund auf. Wolfgang nutzte die Zeit zur Auffrischung und zur Korrektur von Predigten. Ebenso zur Erstellung einer Webseite f\u00fcr die christliche Schule in San Ramon und zum Vordenken und Planen seines Dienstes in Chanchamayo. <\/span><\/p>\n<p><span style=\"font-size: small;\">Anfang Oktober 2009 ging es dann nach San Ramon, wo wir unseren Dienst begannen.<\/span><\/p>\n<p><span style=\"font-size: small;\">Von April bis Juni 2010 war Heike in Lima, um dort unseren Sohn Ben zur Welt zu bringen. In den letzten Wochenm war Wolfgang auch in Lima.<\/span><\/p>\n<p><span style=\"font-size: small;\">Anfang Juli 2010 kamen wir als kleine Familie nach San Ramon zur\u00fcck. Hier ging unsere Arbeit direkt wieder los. <\/span>Gemeindearbeit in der IEP-Gemeinde von San Ramon, Schulunterricht und Begleitung des Lehrerkollegiums im Colegio &#8222;Nueva Esperanza&#8220;, Schulungen in Jugend- und Kinderarbeit in diversen <span style=\"font-size: small;\">Kirchen und Besuche und Unterst\u00fctzung von Gemeinden im Bergurwald von Chanchamayo.<\/span><\/p>\n<p>Am 12.02.2012 kam unser Sohn Hannes David zur Welt.<\/p>\n<p>Von Juli 2012 bis Januar 2013 waren wir wieder im Hemataufenthalt um Gemeinden, Freunde, Familie, Beter und Unterst\u00fctzer zu besuchen und von unserer Arbeit zu berichten.<\/p>\n<p><a href=\"http:\/\/www.schmidtswelt.net\/wp-content\/uploads\/2009\/07\/0006.jpg\"><img decoding=\"async\" loading=\"lazy\" class=\"alignnone size-medium wp-image-295\" title=\"0006\" alt=\"0006\" src=\"http:\/\/www.schmidtswelt.net\/wp-content\/uploads\/2009\/07\/0006-300x200.jpg\" width=\"300\" height=\"200\" srcset=\"http:\/\/www.schmidtswelt.net\/wp-content\/uploads\/2009\/07\/0006-300x200.jpg 300w, http:\/\/www.schmidtswelt.net\/wp-content\/uploads\/2009\/07\/0006.jpg 750w\" sizes=\"(max-width: 300px) 100vw, 300px\" \/><\/a><br \/>\n<span style=\"font-size: medium;\"><strong>Gegenwart:<\/strong><\/span><\/p>\n<p>Seit Anfang 2014 unterrichtet Wolfgang nur noch zwei Klassen Religionsunterricht. Die Schule Nueva Esperanza liegt ihm aber weiter am Herzen. Ende 2013 wurde er in den Vorstand der Schule gew\u00e4hlt und er bringt sich weiterhin ein in der Betreuung der Lehrer und bei besonderen Veranstaltungen wie Erziehungs-Seminaren f\u00fcr die Eltern.<\/p>\n<p>Ebenfalls ist er nun Teil des Kirchenvorstands der IEP San Ramon und nimmt Verantwortung wahr f\u00fcr unterschiedlichste Bereiche (z.B. Jugendarbeit oder Predigtdienste).<\/p>\n<p><span style=\"font-size: small;\">Wolfgang reist nun auch wesentlich \u00f6fter in D\u00f6rfer der Region um die Christen zu ermutigen, zu unterrichten oder zu schulen. Wo Gott es schenkt hilft er auch mit in der Evangelisation. Themen \u00fcber die er gerade gerne spricht sind &#8222;Standhaftgkeit im Glauben&#8220; oder &#8222;J\u00fcngerschaft&#8220;.<br \/>\n<\/span><\/p>\n<p><span style=\"font-size: small;\">Heike ist momentan zust\u00e4ndig f\u00fcr die Betreuung unserer Kurzzeitlerinnen und bringt sich mit ein im Kindergarten unserer Schule soweit es m\u00f6glich ist als Hausfrau und Mutter.<br \/>\n<\/span><\/p>\n<p><a href=\"http:\/\/www.schmidtswelt.net\/wp-content\/uploads\/2009\/07\/0002.jpg\"><img decoding=\"async\" loading=\"lazy\" class=\"alignnone size-medium wp-image-293\" title=\"Landschaft\" alt=\"Landschaft\" src=\"http:\/\/www.schmidtswelt.net\/wp-content\/uploads\/2009\/07\/0002-300x196.jpg\" width=\"300\" height=\"196\" srcset=\"http:\/\/www.schmidtswelt.net\/wp-content\/uploads\/2009\/07\/0002-300x196.jpg 300w, http:\/\/www.schmidtswelt.net\/wp-content\/uploads\/2009\/07\/0002.jpg 750w\" sizes=\"(max-width: 300px) 100vw, 300px\" \/><\/a><br \/>\n<strong><span style=\"font-size: medium;\">Zukunft:<\/span><\/strong><br \/>\nWolfgang wird sich noch mehr engagieren im Bereich &#8222;Literaturarbeit&#8220;. Zu seinen Eins\u00e4tzen in den D\u00f6rfern will er Bibeln und kurze, interessante und g\u00fcnstige B\u00fccher und Schriften mitnehmen, um die Christen zur pers\u00f6nlichen Weiterbildung zu animieren.<\/p>\n<p>Im Januar 2015 soll es wieder nach Deutschland gehen, um f\u00fcr 5 Monate \u00fcber unsere Arbeit zu berichten.<\/p>\n<p><span>N\u00e4here Infos dar\u00fcber, was gerade aktuell l\u00e4uft k\u00f6nnen Sie unter der Rubrik &#8222;Rundbriefe&#8220; finden.<br \/>\n<\/span><\/p>\n","protected":false},"excerpt":{"rendered":"<p>Vergangenheit: Wolfgang war von 2007 bis 2008 zu seinem ersten Term in Peru. Er lernte die Sprache und Kultur Perus kennen und arbeitete mit in Kinder- und Jugendarbeit, Begleitung von Gemeinden im Bergurwald sowie Schulunterricht in der christlichen Schule in San Ramon, &#8222;Nueva Esperanza&#8220;. Von November 2008 bis Juni 2009<\/p>\n","protected":false},"author":1,"featured_media":0,"parent":0,"menu_order":4,"comment_status":"closed","ping_status":"closed","template":"","meta":[],"_links":{"self":[{"href":"http:\/\/www.schmidtswelt.net\/index.php?rest_route=\/wp\/v2\/pages\/19"}],"collection":[{"href":"http:\/\/www.schmidtswelt.net\/index.php?rest_route=\/wp\/v2\/pages"}],"about":[{"href":"http:\/\/www.schmidtswelt.net\/index.php?rest_route=\/wp\/v2\/types\/page"}],"author":[{"embeddable":true,"href":"http:\/\/www.schmidtswelt.net\/index.php?rest_route=\/wp\/v2\/users\/1"}],"replies":[{"embeddable":true,"href":"http:\/\/www.schmidtswelt.net\/index.php?rest_route=%2Fwp%2Fv2%2Fcomments&post=19"}],"version-history":[{"count":27,"href":"http:\/\/www.schmidtswelt.net\/index.php?rest_route=\/wp\/v2\/pages\/19\/revisions"}],"predecessor-version":[{"id":286,"href":"http:\/\/www.schmidtswelt.net\/index.php?rest_route=\/wp\/v2\/pages\/19\/revisions\/286"}],"wp:attachment":[{"href":"http:\/\/www.schmidtswelt.net\/index.php?rest_route=%2Fwp%2Fv2%2Fmedia&parent=19"}],"curies":[{"name":"wp","href":"https:\/\/api.w.org\/{rel}","templated":true}]}}