{"id":1000,"date":"2013-11-25T21:43:16","date_gmt":"2013-11-26T02:43:16","guid":{"rendered":"http:\/\/www.schmidtswelt.net\/?page_id=1000"},"modified":"2016-04-04T00:55:01","modified_gmt":"2016-04-04T05:55:01","slug":"finanzen-kurzfassung","status":"publish","type":"page","link":"http:\/\/www.schmidtswelt.net\/?page_id=1000","title":{"rendered":"Finanzen &#8211; Kurzfassung"},"content":{"rendered":"<p><strong>Erg\u00e4nzung zum Rundmail vom 4.04.2016:<\/strong><\/p>\n<p>Durch den R\u00fcckflug nach Deutschland ist unser Missionskonto ins Minus gekommen (ca. 3000 Euro). Wer da mithelfen will darf gerne auf das Spendenkonto bei der Neukirchener Mission f\u00fcr &#8222;Schmidt &#8211; 5003&#8220; spenden.<\/p>\n<p>Wir senden auch einige Kisten mit unserem pers\u00f6nlichen Hab und Gut per Schiff nach Deutschland. Das kostet uns gut 750 Euro. Wer da mithelfen will, darf gern auf unser privates Konto etwas \u00fcberweisen (Heike Schmidt; IBAN: DE 64 5139 0000 00784 11104, BIC: VBMHDE5F)<\/p>\n<p>Herzlichen Dank f\u00fcr alles Mittragen durch Eure gro\u00dfz\u00fcgigen Opfer. Vergelt&#8217;s Gott!<\/p>\n<p>&nbsp;<\/p>\n<p>Unser Arbeitgeber, die Neukirchener Mission, bekommt keine Gelder aus \u00f6ffentlichen Stellen (Staat oder Kirche). Darum k\u00f6nnen Missionare wie wir nur dann unsere Arbeit tun, wenn Menschen das was wir tun gut finden und daf\u00fcr spenden.Darum muss pro Monat nicht nur das an Spenden eingehen, was wir als Gehalt bekommen, sondern auch das, was sonst der Arbeitgeber tr\u00e4gt.<\/p>\n<p>Es ist wunderbar, dass es viele gibt, die hinter uns und unserer Missionsarbeit stehen.<\/p>\n<p>Von dem monatlich ben\u00f6tigten Betrag sind pro Monat etwa 82<strong>%<\/strong> gedeckt. (<strong>Stand September 2015<\/strong>)<\/p>\n<p>Wer gerne konkrete Zahlen wissen will, darf gerne direkt Kontakt aufnehmen:<\/p>\n<p><strong><span style=\"color: #0000ff;\">wollo (@) freespeed.de<\/span><\/strong><\/p>\n<p>&nbsp;<\/p>\n<p><strong>Was beinhaltet dieser Betrag?<\/strong><\/p>\n<p>&#8211; Ein auf Peru angepasstes Gehalt (das hei\u00dft netto 42% vom Gesamtbedarf)<\/p>\n<p>&#8211; Versicherungen des Arbeitgebers<\/p>\n<p>&#8211; gesetzliche Abgaben des Arbeitgebers<\/p>\n<p>&#8211; zus\u00e4tzliche obligatorische Rentenversicherung des Arbeitgebers f\u00fcr den Missionar<\/p>\n<p>&#8211; 5% Verwaltung in D<\/p>\n<p>&#8211; 5% allgemeiner Topf der Mission.<\/p>\n<p>&nbsp;<\/p>\n<p><strong>Wohin und wie spenden?<\/strong><\/p>\n<p>Neukirchener Mission<\/p>\n<p>KD Bank \u2013 BLZ 350 601 90<\/p>\n<p>Konto-Nr.: 2 119 641 015<\/p>\n<p>&nbsp;<\/p>\n<p>Als Verwendungszweck &#8222;5003-Schmidt&#8220; angeben (oder eine andere Projekt-Nummer).<\/p>\n<p>&nbsp;<\/p>\n<p>Mehr und detaillierte Infos gibts <a href=\"http:\/\/www.schmidtswelt.net\/?page_id=984\"><strong>HIER<\/strong><\/a><\/p>\n<p>&nbsp;<\/p>\n<p>Vielen Dank f\u00fcr alle Unterst\u00fctzung!<\/p>\n<p>Die Schmidts aus Peru<\/p>\n","protected":false},"excerpt":{"rendered":"<p>Erg\u00e4nzung zum Rundmail vom 4.04.2016: Durch den R\u00fcckflug nach Deutschland ist unser Missionskonto ins Minus gekommen (ca. 3000 Euro). Wer da mithelfen will darf gerne auf das Spendenkonto bei der Neukirchener Mission f\u00fcr &#8222;Schmidt &#8211; 5003&#8220; spenden. Wir senden auch einige Kisten mit unserem pers\u00f6nlichen Hab und Gut per Schiff<\/p>\n","protected":false},"author":1,"featured_media":0,"parent":2,"menu_order":4,"comment_status":"closed","ping_status":"closed","template":"","meta":[],"_links":{"self":[{"href":"http:\/\/www.schmidtswelt.net\/index.php?rest_route=\/wp\/v2\/pages\/1000"}],"collection":[{"href":"http:\/\/www.schmidtswelt.net\/index.php?rest_route=\/wp\/v2\/pages"}],"about":[{"href":"http:\/\/www.schmidtswelt.net\/index.php?rest_route=\/wp\/v2\/types\/page"}],"author":[{"embeddable":true,"href":"http:\/\/www.schmidtswelt.net\/index.php?rest_route=\/wp\/v2\/users\/1"}],"replies":[{"embeddable":true,"href":"http:\/\/www.schmidtswelt.net\/index.php?rest_route=%2Fwp%2Fv2%2Fcomments&post=1000"}],"version-history":[{"count":13,"href":"http:\/\/www.schmidtswelt.net\/index.php?rest_route=\/wp\/v2\/pages\/1000\/revisions"}],"predecessor-version":[{"id":1207,"href":"http:\/\/www.schmidtswelt.net\/index.php?rest_route=\/wp\/v2\/pages\/1000\/revisions\/1207"}],"up":[{"embeddable":true,"href":"http:\/\/www.schmidtswelt.net\/index.php?rest_route=\/wp\/v2\/pages\/2"}],"wp:attachment":[{"href":"http:\/\/www.schmidtswelt.net\/index.php?rest_route=%2Fwp%2Fv2%2Fmedia&parent=1000"}],"curies":[{"name":"wp","href":"https:\/\/api.w.org\/{rel}","templated":true}]}}